{"id":6784,"date":"2021-01-28T22:19:21","date_gmt":"2021-01-28T21:19:21","guid":{"rendered":"https:\/\/www.konradbreit.com\/privacy-policy\/"},"modified":"2023-03-01T17:03:57","modified_gmt":"2023-03-01T16:03:57","slug":"privacy-policy","status":"publish","type":"page","link":"https:\/\/www.konradbreit.com\/en\/privacy-policy\/","title":{"rendered":"Privacy Policy"},"content":{"rendered":"\t\t<div data-elementor-type=\"wp-page\" data-elementor-id=\"6784\" class=\"elementor elementor-6784 elementor-4326\">\n\t\t\t\t\t\t<div class=\"elementor-inner\">\n\t\t\t\t<div class=\"elementor-section-wrap\">\n\t\t\t\t\t\t\t\t\t<section class=\"elementor-section elementor-top-section elementor-element elementor-element-a9fcc09 elementor-section-boxed elementor-section-height-default elementor-section-height-default\" data-id=\"a9fcc09\" data-element_type=\"section\">\n\t\t\t\t\t\t<div class=\"elementor-container elementor-column-gap-default\">\n\t\t\t\t\t\t\t<div class=\"elementor-row\">\n\t\t\t\t\t<div class=\"elementor-column elementor-col-50 elementor-top-column elementor-element elementor-element-68c4a18\" data-id=\"68c4a18\" data-element_type=\"column\">\n\t\t\t<div class=\"elementor-column-wrap\">\n\t\t\t\t\t\t\t<div class=\"elementor-widget-wrap\">\n\t\t\t\t\t\t\t\t<\/div>\n\t\t\t\t\t<\/div>\n\t\t<\/div>\n\t\t\t\t<div class=\"elementor-column elementor-col-50 elementor-top-column elementor-element elementor-element-8c96289\" data-id=\"8c96289\" data-element_type=\"column\">\n\t\t\t<div class=\"elementor-column-wrap elementor-element-populated\">\n\t\t\t\t\t\t\t<div class=\"elementor-widget-wrap\">\n\t\t\t\t\t\t<div class=\"elementor-element elementor-element-d2b81e6 elementor-widget elementor-widget-text-editor\" data-id=\"d2b81e6\" data-element_type=\"widget\" data-widget_type=\"text-editor.default\">\n\t\t\t\t<div class=\"elementor-widget-container\">\n\t\t\t\t\t\t\t\t<div class=\"elementor-text-editor elementor-clearfix\">\n\t\t\t\t<p>DATENSCHUTZERKL\u00c4RUNG<\/p>\n<p>Wir gehen verantwortungsvoll mit Ihren Daten um<\/p>\n<p>Der Betreiber dieser Seite nimmt den Schutz Ihrer pers\u00f6nlichen Daten sehr ernst. Wir behandeln Ihre personenbezogenen Daten vertraulich und entsprechend der gesetzlichen Datenschutzvorschriften sowie dieser Datenschutzerkl\u00e4rung. Diese Datenschutzerkl\u00e4rung kl\u00e4rt den Nutzer der Website https:\/\/www.konradbreit.com\/ (im Folgenden \u201eWebsite\u201c) \u00fcber die Art, den Umfang und die Zwecke der Erhebung und Verwendung personenbezogener Daten durch Dr. Konrad Breit Change Consulting (im Folgenden \u201eBetreiber\u201c) auf. Diese Datenschutzerkl\u00e4rung gilt auch f\u00fcr alle Sub-Websites.<\/p>\n<p>Personenbezogene Daten (z.B. Name, E-Mail-Adresse, Telefonnummer) werden vom Betreiber nur in rechtm\u00e4\u00dfiger Weise \u2013 insbesondere zur Erf\u00fcllung vertraglicher oder gesetzlicher Pflichten, aufgrund \u00fcberwiegender berechtigter Interessen des Betreibers oder auf Basis der Einwilligung des Nutzers \u2013 verarbeitet und \u00fcbermittelt.<br \/>Die Rechtm\u00e4\u00dfigkeit der Datenverarbeitungen ergibt sich aus dem \u00f6sterreichischen Datenschutzgesetz sowie aus der Verordnung (EU) 2016\/679 (DSGVO). Die Rechtsgrundlage ist bei den nachstehenden Verarbeitungen jeweils konkret angegeben.<\/p>\n<p>DARSTELLUNG DER WEBSEITE<\/p>\n<p>Der Betreiber optimiert st\u00e4ndig die Darstellung und den angebotenen Service f\u00fcr die Nutzer der Website. Um besser zu verstehen, wie die Seiten genutzt werden, speichert der Betreiber bei jedem Zugriff auf diese Website folgende Daten kurzfristig: Name der aufgerufenen Website, angeforderte Datei, Datum\/Uhrzeit, \u00fcbertragene Datenmenge, Meldung \u00fcber erfolgreichen Abruf, Browsertyp\/Version\/Sprache, Betriebssystem, zuvor besuchte Seite, Verweildauer, Herkunftsland und anonymisierte IP-Adresse. Durch den Besuch dieser Website erteilt der Nutzer gem\u00e4\u00df Art 6 Abs 1 lit a DSGVO seine schl\u00fcssige Einwilligung zur kurzfristigen Speicherung der IP-Adresse des Endger\u00e4ts. Die IP-Adresse des Nutzers wird nach Beendigung der Nutzung der Website gel\u00f6scht. Der Betreiber verwendet die vorgenannten Daten in anonymisierter Form lediglich f\u00fcr statistische Zwecke in Zusammenhang mit seinem Angebot.<\/p>\n<p>DAS PASSIERT MIT IHREN DATEN BEI NUTZERANFRAGEN<\/p>\n<p>Bei der Kontaktaufnahme mit dem Betreiber (zum Beispiel per Kontaktformular oder E-Mail) k\u00f6nnen folgende Angaben des Nutzers zwecks Bearbeitung der Anfrage sowie f\u00fcr den Fall, dass Anschlussfragen entstehen, gespeichert werden: Anrede, Vor- und Nachname, Postanschrift, E-Mail-Adresse, Telefonnummer sowie anfragebetreffende Daten.<br \/>Die so erhobenen, personenbezogenen Daten werden vom Betreiber binnen drei Jahren nach Abschluss der Bearbeitung der Anfrage gel\u00f6scht. Die vom Nutzer bekanntgegebenen, personenbezogenen Daten werden vom Betreiber nur insoweit verarbeitet und genutzt, als sie f\u00fcr die Bearbeitung der Anfrage und\/oder die Erbringung der angeforderten Leistung erforderlich sind.<br \/>Im Zuge dieser Datenverarbeitung kann der Betreiber die erhobenen personenbezogenen Daten an folgende Dritte weiterleiten:<br \/>\u2022 derzeit werden keine Daten an Dritte Personen bzw. Unternehmen weitergeleitet<\/p>\n<p>WIR VERWENDEN COOKIES, UM IHNEN DAS SURFEN ZU VEREINFACHEN<\/p>\n<p>Als Cookies bezeichnet man Informationsst\u00fccke, die von einer Website auf dem Endger\u00e4t des Nutzers gespeichert werden. Der Zweck von Cookies liegt darin, Informationen zu speichern und den sp\u00e4teren Zugriff auf diese zu erm\u00f6glichen. Sie k\u00f6nnen nicht verwendet werden, um andere Daten auf dem Endger\u00e4t zu lesen. Websites setzen Cookies insbesondere ein, um fr\u00fchere Nutzereinstellungen wiederherzustellen, den Verlauf von Nutzeranfragen nachzuvollziehen oder das Nutzerverhalten zu analysieren.<br \/>Eine Nutzung der Website ist auch ohne Cookies m\u00f6glich. Der Nutzer kann in seinem Browser das Speichern von Cookies deaktivieren, auf bestimmte Websites beschr\u00e4nken oder seinen Browser so einstellen, dass er benachrichtigt wird, bevor ein Cookie gespeichert wird. Der Nutzer kann die Cookies \u00fcber die Datenschutzfunktionen seines Browsers jederzeit von der Festplatte seines Endger\u00e4ts l\u00f6schen. In diesem Fall k\u00f6nnten die Funktionen und die Benutzerfreundlichkeit der Website eingeschr\u00e4nkt werden. Die Rechtsgrundlage der Datenverarbeitungen im Rahmen von Cookies bildet die Einwilligung des Nutzers \u00fcber das Cookie-Banner. Nachstehend sind die einzelnen auf dieser Website verwendeten Cookies aufgelistet:<\/p>\n<p>complianz_policy_id: Cookie Akzeptierung Banner<\/p>\n<p>Diese Daten werden sp\u00e4testens nach 4 Wochen automatisch wieder gel\u00f6scht.<\/p>\n<p>GOOGLE ANALYTICS VERBESSERT DIE NUTZERFREUNDLICHKEIT<\/p>\n<p>Diese Website benutzt Google Analytics, einen Webanalysedienst der Google Inc. (\u201eGoogle\u201c), 1600 Amphitheatre Parkway, Mountain View, CA 94043, USA. Google Analytics verwendet Cookies, die eine Analyse der Benutzung der Website durch den Nutzer erm\u00f6glichen.<br \/>Die durch den Cookie erzeugten Daten \u00fcber die Benutzung dieser Website werden in der Regel an einen Server von Google in den USA \u00fcbertragen. F\u00fcr die \u00dcbertragung personenbezogener Daten in die U.S.A. liegt ein Angemessenheitsbeschluss der Europ\u00e4ischen Kommission vor. Google wird die \u00fcbermittelten Daten im Auftrag des Betreibers benutzen, um die Nutzung der Website durch den Nutzer auszuwerten, um Reports \u00fcber die Websiteaktivit\u00e4ten zusammenzustellen und um weitere mit der Websitenutzung und der Internetnutzung verbundene Dienstleistungen zu erbringen.<br \/>Auch wird Google diese Daten gegebenenfalls an Dritte \u00fcbertragen, sofern dies gesetzlich vorgeschrieben oder soweit Dritte diese Daten im Auftrag von Google verarbeiten.<br \/>Im Falle der Aktivierung der IP-Anonymisierung auf dieser Website wird die IP-Adresse von Google innerhalb der Europ\u00e4ischen Union oder im Europ\u00e4ischen Wirtschaftsraum zuvor gek\u00fcrzt. Nur in Ausnahmef\u00e4llen wird die volle IP-Adresse an einen Server von Google in den USA \u00fcbertragen und dort gek\u00fcrzt. Die IP-Anonymisierung ist auf dieser Website standardm\u00e4\u00dfig aktiviert.<br \/>Der Nutzer kann die Speicherung der Cookies im Rahmen von Google Analytics durch eine entsprechende Einstellung seiner Browser-Software verhindern. In diesem Fall kann der Nutzer aber gegebenenfalls nicht s\u00e4mtliche Funktionen dieser Website vollumf\u00e4nglich nutzen. Der Nutzer kann dar\u00fcber hinaus die Erfassung der, durch das Cookie erzeugten und auf die Nutzung der Website bezogenen Daten an Google sowie die Verarbeitung dieser Daten durch Google verhindern, indem er das unter dem folgenden Link verf\u00fcgbare Browser-Plug-In herunterl\u00e4dt und installiert: http:\/\/tools.google.com\/dlpage\/gaoptout?hl=de.<br \/>N\u00e4here Informationen zu den Nutzungsbedingungen und zum Datenschutz bez\u00fcglich Google Analytics k\u00f6nnen unter http:\/\/www.google.com\/analytics\/terms\/de.html abgerufen werden.<\/p>\n<p>PROFILING F\u00dcR NOCH INDIVIDUELLERE ANGEBOTE UND INFORMATIONEN<\/p>\n<p>Zur Verbesserung unserer Produkte kommen automatisierte Datenverarbeitungsverfahren zur Analyse von Nutzerverhalten zum Einsatz. (= Profiling).<\/p>\n<p>MASSNAHMEN ZUR EIGENWERBUNG<\/p>\n<p>Der Betreiber beh\u00e4lt sich gem\u00e4\u00df \u00a7 107 Abs 3 des Telekommunikationsgesetzes (TKG) und gem\u00e4\u00df Art 6 Abs 1 lit f DSGVO vor, f\u00fcr eigene Werbezwecke folgende Daten Anrede, Vor- und Nachname, Postanschrift, E-Mail-Adresse, Telefonnummer, dauerhaft zu speichern und f\u00fcr die Zusendung von Angeboten und Informationen zu Leistungen und Angeboten des Betreibers per Post oder per E-Mail zu nutzen. Der Nutzer kann der Verarbeitung seiner Daten zu diesem Zweck bei deren Erhebung sowie jederzeit danach durch eine E-Mail an office@konradbreit.at widersprechen.<\/p>\n<p>Mit uns k\u00f6nnen Sie sicher sein<\/p>\n<p>Die Betreiber dieser Seite helfen Ihnen, Ihre pers\u00f6nlichen Daten zu sch\u00fctzen. Sofern die Rechtm\u00e4\u00dfigkeit f\u00fcr eine konkrete Datenverarbeitungauf einer Einwilligung des Nutzers beruht, kann diese jederzeit (auch teilweise) durch eine E-Mail an office@konradbreit.at widerrufen werden. Ungeachtet der angef\u00fchrten L\u00f6schungsangaben bei den einzelnen Datenverarbeitungen unterbleibt eine L\u00f6schung insoweit, als die Verwendung der zu l\u00f6schenden, personenbezogenen Daten f\u00fcr andere rechtm\u00e4\u00dfige Verarbeitungen (z.B. Eigenwerbung) gem\u00e4\u00df dieser Datenschutzerkl\u00e4rung oder g\u00fcltiger Gesetze verwendet werden. Eine L\u00f6schung der personenbezogenen Daten kann die Funktionalit\u00e4t der auf dieser Website angebotenen Inhalte beeintr\u00e4chtigen.<br \/>Des Weiteren hat der Nutzer weitere Rechte, die ihm gesetzlich zugesprochen werden. Diese finden Sie im Folgenden \u00fcbersichtlich dargestellt.<\/p>\n<p>IHRE PERS\u00d6NLICHEN RECHTE IM \u00dcBERBLICK<\/p>\n<p>Auskunftsrecht:<\/p>\n<p>Sie haben das Recht von uns zu erfahren, ob und in welchem Ausma\u00df wir Ihre Daten verarbeiten.<br \/>Recht auf Berichtigung:<br \/>Falls wir unvollst\u00e4ndige oder unrichtige personenbezogene Daten von Ihnen verarbeiten, k\u00f6nnen Sie jederzeit deren Berichtigung oder Vervollst\u00e4ndigung verlangen.<\/p>\n<p>Recht auf L\u00f6schung:<\/p>\n<p>Wenn Ihre personenbezogenen Daten von uns unrechtm\u00e4\u00dfig verarbeitet werden, k\u00f6nnen Sie von uns die L\u00f6schung Ihrer personenbezogenen Daten verlangen. Es kann durchaus Gr\u00fcnde geben, die einer sofortigen L\u00f6schung entgegenstehen. (Aufbewahrungspflichten oder weitere gesetzliche Verpflichtungen).<br \/>Recht auf Einschr\u00e4nkung der Verarbeitung:<br \/>Wenn Sie die Richtigkeit der Daten bestreiten, k\u00f6nnen Sie die Einschr\u00e4nkung der Verarbeitung Ihrer Daten f\u00fcr die Dauer der Pr\u00fcfung verlangen, wenn die Verarbeitung der personenbezogenen Daten unrechtm\u00e4\u00dfig ist, Sie aber keine L\u00f6schung w\u00fcnschen, wenn wir die Daten f\u00fcr den vereinbarten Zweck nicht mehr ben\u00f6tigen, Sie diese aber zur Geltendmachung\/Durchsetzung von Rechtsanspr\u00fcchen ben\u00f6tigen oder wenn Sie Widerspruch gegen die Verarbeitung der Daten eingelegt haben.<\/p>\n<p>Recht auf Daten\u00fcbertragbarkeit:<\/p>\n<p>Sie haben das Recht, die Herausgabe von Ihnen zur Verf\u00fcgung gestellten Daten in maschinenlesbarer Form zu verlangen, sofern die Verarbeitung auf Grund einer Einwilligung oder eines Vertrages erfolgt.<\/p>\n<p>Widerspruchsrecht:<\/p>\n<p>Dient die Verarbeitung Ihrer personenbezogenen Daten zur Wahrnehmung von im \u00f6ffentlichen Interesse liegenden Aufgaben, zur Aus\u00fcbung \u00f6ffentlicher Gewalt oder besteht f\u00fcr uns berechtigtes Interesse, so k\u00f6nnen Sie, sofern ein schutzw\u00fcrdiges Interesse an Ihren personenbezogenen Daten besteht, gegen diese Datenverarbeitung Widerspruch einlegen.<\/p>\n<p>Beschwerderecht:<\/p>\n<p>Verst\u00f6\u00dft, Ihres Erachtens, die Verarbeitung Ihrer personenbezogenen Daten gegen \u00f6sterreichisches oder europ\u00e4isches Datenschutzrecht, so kontaktieren Sie uns bitte, um allf\u00e4llige Fragen aufkl\u00e4ren zu k\u00f6nnen. Selbstverst\u00e4ndlich haben Sie das Recht, sich bei der \u00f6sterreichischen Datenschutzbeh\u00f6rde (Hohenstaufengasse 3, 1010 Wien, dsb@dsb.gv.at, www.dsb.gv.at) oder bei einer Aufsichtsbeh\u00f6rde innerhalb der EU zu beschweren.<\/p>\n<p>Geltendmachung der Rechte:<\/p>\n<p>Um eines der genannten Rechte uns gegen\u00fcber geltend zu machen, kontaktieren Sie uns bitte einfach per Email an die office@konradbreit.at. Wir helfen Ihnen gerne weiter.<\/p>\n<p>Best\u00e4tigung der Identit\u00e4t:<\/p>\n<p>Zum Schutz Ihrer Rechte und Ihrer Privatsph\u00e4re sind wir berechtigt im Zweifel einen Identit\u00e4tsnachweis anzufordern.<\/p>\n<p>Rechtebeanspruchung \u00fcber Geb\u00fchr:<\/p>\n<p>Wenn Sie eines der genannten Recht offenkundig unbegr\u00fcndet oder besonders h\u00e4ufig einfordern, sind wir berechtigt ein angemessenes Bearbeitungsentgelt zu verlangen oder die Bearbeitung des Antrags abzulehnen.<\/p>\n\t\t\t\t\t<\/div>\n\t\t\t\t\t\t<\/div>\n\t\t\t\t<\/div>\n\t\t\t\t\t\t<\/div>\n\t\t\t\t\t<\/div>\n\t\t<\/div>\n\t\t\t\t\t\t\t\t<\/div>\n\t\t\t\t\t<\/div>\n\t\t<\/section>\n\t\t\t\t\t\t\t\t\t<\/div>\n\t\t\t<\/div>\n\t\t\t\t\t<\/div>\n\t\t","protected":false},"excerpt":{"rendered":"<p>DATENSCHUTZERKL\u00c4RUNG Wir gehen verantwortungsvoll mit Ihren Daten um Der Betreiber dieser Seite nimmt den Schutz Ihrer pers\u00f6nlichen Daten sehr ernst. Wir behandeln Ihre personenbezogenen Daten vertraulich und entsprechend der gesetzlichen Datenschutzvorschriften sowie dieser Datenschutzerkl\u00e4rung. Diese Datenschutzerkl\u00e4rung kl\u00e4rt den Nutzer der Website https:\/\/www.konradbreit.com\/ (im Folgenden \u201eWebsite\u201c) \u00fcber die Art, den Umfang und die Zwecke der Erhebung&hellip;&nbsp;<a href=\"https:\/\/www.konradbreit.com\/en\/privacy-policy\/\" class=\"\" rel=\"bookmark\">Read More &raquo;<span class=\"screen-reader-text\">Privacy Policy<\/span><\/a><\/p>\n","protected":false},"author":1,"featured_media":0,"parent":0,"menu_order":0,"comment_status":"closed","ping_status":"closed","template":"page-templates\/template-pagebuilder-full-width.php","meta":{"neve_meta_sidebar":"","neve_meta_container":"","neve_meta_enable_content_width":"","neve_meta_content_width":0,"neve_meta_title_alignment":"","neve_meta_author_avatar":"","neve_post_elements_order":"","neve_meta_disable_header":"","neve_meta_disable_footer":"","neve_meta_disable_title":""},"acf":[],"yoast_head":"<!-- This site is optimized with the Yoast SEO plugin v18.0 - https:\/\/yoast.com\/wordpress\/plugins\/seo\/ -->\n<title>Privacy Policy - Dr. Konrad Breit Change Consulting<\/title>\n<meta name=\"robots\" content=\"index, follow, max-snippet:-1, max-image-preview:large, max-video-preview:-1\" \/>\n<link rel=\"canonical\" href=\"https:\/\/www.konradbreit.com\/en\/privacy-policy\/\" \/>\n<meta property=\"og:locale\" content=\"en_US\" \/>\n<meta property=\"og:type\" content=\"article\" \/>\n<meta property=\"og:title\" content=\"Privacy Policy - Dr. Konrad Breit Change Consulting\" \/>\n<meta property=\"og:description\" content=\"DATENSCHUTZERKL\u00c4RUNG Wir gehen verantwortungsvoll mit Ihren Daten um Der Betreiber dieser Seite nimmt den Schutz Ihrer pers\u00f6nlichen Daten sehr ernst. Wir behandeln Ihre personenbezogenen Daten vertraulich und entsprechend der gesetzlichen Datenschutzvorschriften sowie dieser Datenschutzerkl\u00e4rung. Diese Datenschutzerkl\u00e4rung kl\u00e4rt den Nutzer der Website https:\/\/www.konradbreit.com\/ (im Folgenden \u201eWebsite\u201c) \u00fcber die Art, den Umfang und die Zwecke der Erhebung&hellip;&nbsp;Read More &raquo;Privacy Policy\" \/>\n<meta property=\"og:url\" content=\"https:\/\/www.konradbreit.com\/en\/privacy-policy\/\" \/>\n<meta property=\"og:site_name\" content=\"Dr. Konrad Breit Change Consulting\" \/>\n<meta property=\"article:modified_time\" content=\"2023-03-01T16:03:57+00:00\" \/>\n<meta property=\"og:image\" content=\"https:\/\/www.konradbreit.com\/wp-content\/uploads\/2021\/01\/cropped-Logo-Konrad-Breit_RGB.png\" \/>\n\t<meta property=\"og:image:width\" content=\"512\" \/>\n\t<meta property=\"og:image:height\" content=\"512\" \/>\n\t<meta property=\"og:image:type\" content=\"image\/png\" \/>\n<meta name=\"twitter:card\" content=\"summary_large_image\" \/>\n<meta name=\"twitter:label1\" content=\"Est. reading time\" \/>\n\t<meta name=\"twitter:data1\" content=\"8 minutes\" \/>\n<script type=\"application\/ld+json\" class=\"yoast-schema-graph\">{\"@context\":\"https:\/\/schema.org\",\"@graph\":[{\"@type\":[\"Person\",\"Organization\"],\"@id\":\"https:\/\/www.konradbreit.com\/en\/#\/schema\/person\/d931c6a97fcea694c3b66dd69bb3403e\",\"name\":\"Konrad Breit\",\"image\":{\"@type\":\"ImageObject\",\"@id\":\"https:\/\/www.konradbreit.com\/en\/#personlogo\",\"inLanguage\":\"en-US\",\"url\":\"https:\/\/secure.gravatar.com\/avatar\/886880c16ab11b3674f5a3709b7e4c95?s=96&d=mm&r=g\",\"contentUrl\":\"https:\/\/secure.gravatar.com\/avatar\/886880c16ab11b3674f5a3709b7e4c95?s=96&d=mm&r=g\",\"caption\":\"Konrad Breit\"},\"logo\":{\"@id\":\"https:\/\/www.konradbreit.com\/en\/#personlogo\"},\"sameAs\":[\"http:\/\/www.konradbreit.com\/\"]},{\"@type\":\"WebSite\",\"@id\":\"https:\/\/www.konradbreit.com\/en\/#website\",\"url\":\"https:\/\/www.konradbreit.com\/en\/\",\"name\":\"Dr. Konrad Breit Change Consulting\",\"description\":\"\",\"publisher\":{\"@id\":\"https:\/\/www.konradbreit.com\/en\/#\/schema\/person\/d931c6a97fcea694c3b66dd69bb3403e\"},\"potentialAction\":[{\"@type\":\"SearchAction\",\"target\":{\"@type\":\"EntryPoint\",\"urlTemplate\":\"https:\/\/www.konradbreit.com\/en\/?s={search_term_string}\"},\"query-input\":\"required name=search_term_string\"}],\"inLanguage\":\"en-US\"},{\"@type\":\"WebPage\",\"@id\":\"https:\/\/www.konradbreit.com\/en\/privacy-policy\/#webpage\",\"url\":\"https:\/\/www.konradbreit.com\/en\/privacy-policy\/\",\"name\":\"Privacy Policy - Dr. Konrad Breit Change Consulting\",\"isPartOf\":{\"@id\":\"https:\/\/www.konradbreit.com\/en\/#website\"},\"datePublished\":\"2021-01-28T21:19:21+00:00\",\"dateModified\":\"2023-03-01T16:03:57+00:00\",\"breadcrumb\":{\"@id\":\"https:\/\/www.konradbreit.com\/en\/privacy-policy\/#breadcrumb\"},\"inLanguage\":\"en-US\",\"potentialAction\":[{\"@type\":\"ReadAction\",\"target\":[\"https:\/\/www.konradbreit.com\/en\/privacy-policy\/\"]}]},{\"@type\":\"BreadcrumbList\",\"@id\":\"https:\/\/www.konradbreit.com\/en\/privacy-policy\/#breadcrumb\",\"itemListElement\":[{\"@type\":\"ListItem\",\"position\":1,\"name\":\"Startseite\",\"item\":\"https:\/\/www.konradbreit.com\/en\/why\/\"},{\"@type\":\"ListItem\",\"position\":2,\"name\":\"Privacy Policy\"}]}]}<\/script>\n<!-- \/ Yoast SEO plugin. -->","yoast_head_json":{"title":"Privacy Policy - Dr. Konrad Breit Change Consulting","robots":{"index":"index","follow":"follow","max-snippet":"max-snippet:-1","max-image-preview":"max-image-preview:large","max-video-preview":"max-video-preview:-1"},"canonical":"https:\/\/www.konradbreit.com\/en\/privacy-policy\/","og_locale":"en_US","og_type":"article","og_title":"Privacy Policy - Dr. Konrad Breit Change Consulting","og_description":"DATENSCHUTZERKL\u00c4RUNG Wir gehen verantwortungsvoll mit Ihren Daten um Der Betreiber dieser Seite nimmt den Schutz Ihrer pers\u00f6nlichen Daten sehr ernst. Wir behandeln Ihre personenbezogenen Daten vertraulich und entsprechend der gesetzlichen Datenschutzvorschriften sowie dieser Datenschutzerkl\u00e4rung. Diese Datenschutzerkl\u00e4rung kl\u00e4rt den Nutzer der Website https:\/\/www.konradbreit.com\/ (im Folgenden \u201eWebsite\u201c) \u00fcber die Art, den Umfang und die Zwecke der Erhebung&hellip;&nbsp;Read More &raquo;Privacy Policy","og_url":"https:\/\/www.konradbreit.com\/en\/privacy-policy\/","og_site_name":"Dr. Konrad Breit Change Consulting","article_modified_time":"2023-03-01T16:03:57+00:00","og_image":[{"width":512,"height":512,"url":"https:\/\/www.konradbreit.com\/wp-content\/uploads\/2021\/01\/cropped-Logo-Konrad-Breit_RGB.png","type":"image\/png"}],"twitter_card":"summary_large_image","twitter_misc":{"Est. reading time":"8 minutes"},"schema":{"@context":"https:\/\/schema.org","@graph":[{"@type":["Person","Organization"],"@id":"https:\/\/www.konradbreit.com\/en\/#\/schema\/person\/d931c6a97fcea694c3b66dd69bb3403e","name":"Konrad Breit","image":{"@type":"ImageObject","@id":"https:\/\/www.konradbreit.com\/en\/#personlogo","inLanguage":"en-US","url":"https:\/\/secure.gravatar.com\/avatar\/886880c16ab11b3674f5a3709b7e4c95?s=96&d=mm&r=g","contentUrl":"https:\/\/secure.gravatar.com\/avatar\/886880c16ab11b3674f5a3709b7e4c95?s=96&d=mm&r=g","caption":"Konrad Breit"},"logo":{"@id":"https:\/\/www.konradbreit.com\/en\/#personlogo"},"sameAs":["http:\/\/www.konradbreit.com\/"]},{"@type":"WebSite","@id":"https:\/\/www.konradbreit.com\/en\/#website","url":"https:\/\/www.konradbreit.com\/en\/","name":"Dr. Konrad Breit Change Consulting","description":"","publisher":{"@id":"https:\/\/www.konradbreit.com\/en\/#\/schema\/person\/d931c6a97fcea694c3b66dd69bb3403e"},"potentialAction":[{"@type":"SearchAction","target":{"@type":"EntryPoint","urlTemplate":"https:\/\/www.konradbreit.com\/en\/?s={search_term_string}"},"query-input":"required name=search_term_string"}],"inLanguage":"en-US"},{"@type":"WebPage","@id":"https:\/\/www.konradbreit.com\/en\/privacy-policy\/#webpage","url":"https:\/\/www.konradbreit.com\/en\/privacy-policy\/","name":"Privacy Policy - Dr. Konrad Breit Change Consulting","isPartOf":{"@id":"https:\/\/www.konradbreit.com\/en\/#website"},"datePublished":"2021-01-28T21:19:21+00:00","dateModified":"2023-03-01T16:03:57+00:00","breadcrumb":{"@id":"https:\/\/www.konradbreit.com\/en\/privacy-policy\/#breadcrumb"},"inLanguage":"en-US","potentialAction":[{"@type":"ReadAction","target":["https:\/\/www.konradbreit.com\/en\/privacy-policy\/"]}]},{"@type":"BreadcrumbList","@id":"https:\/\/www.konradbreit.com\/en\/privacy-policy\/#breadcrumb","itemListElement":[{"@type":"ListItem","position":1,"name":"Startseite","item":"https:\/\/www.konradbreit.com\/en\/why\/"},{"@type":"ListItem","position":2,"name":"Privacy Policy"}]}]}},"_links":{"self":[{"href":"https:\/\/www.konradbreit.com\/en\/wp-json\/wp\/v2\/pages\/6784"}],"collection":[{"href":"https:\/\/www.konradbreit.com\/en\/wp-json\/wp\/v2\/pages"}],"about":[{"href":"https:\/\/www.konradbreit.com\/en\/wp-json\/wp\/v2\/types\/page"}],"author":[{"embeddable":true,"href":"https:\/\/www.konradbreit.com\/en\/wp-json\/wp\/v2\/users\/1"}],"replies":[{"embeddable":true,"href":"https:\/\/www.konradbreit.com\/en\/wp-json\/wp\/v2\/comments?post=6784"}],"version-history":[{"count":1,"href":"https:\/\/www.konradbreit.com\/en\/wp-json\/wp\/v2\/pages\/6784\/revisions"}],"predecessor-version":[{"id":6785,"href":"https:\/\/www.konradbreit.com\/en\/wp-json\/wp\/v2\/pages\/6784\/revisions\/6785"}],"wp:attachment":[{"href":"https:\/\/www.konradbreit.com\/en\/wp-json\/wp\/v2\/media?parent=6784"}],"curies":[{"name":"wp","href":"https:\/\/api.w.org\/{rel}","templated":true}]}}